{"id":4088,"date":"2022-04-25T17:48:23","date_gmt":"2022-04-25T17:48:23","guid":{"rendered":"https:\/\/toolbox.livriz.com\/livriz-print\/"},"modified":"2024-10-01T20:13:01","modified_gmt":"2024-10-01T20:13:01","slug":"livriz-print","status":"publish","type":"page","link":"https:\/\/toolbox.livriz.com\/pt-br\/livriz-print\/","title":{"rendered":"Livriz Print"},"content":{"rendered":"<div class=\"gb-container gb-container-14524bed livriz-sell-banner\"><div class=\"gb-inside-container\">\n<div class=\"gb-container gb-container-ae0509bd\"><div class=\"gb-inside-container\">\n<div class=\"gb-grid-wrapper gb-grid-wrapper-33782670\">\n<div class=\"gb-grid-column gb-grid-column-bf6d62ea\"><div class=\"gb-container gb-container-bf6d62ea\"><div class=\"gb-inside-container\"><\/div><\/div><\/div>\n\n<div class=\"gb-grid-column gb-grid-column-bd966616\"><div class=\"gb-container gb-container-bd966616\"><div class=\"gb-inside-container\">\n<div class=\"gb-button-wrapper gb-button-wrapper-49f34201\">\n\n<a class=\"gb-button gb-button-5b15f17b\" href=\"\/\"><span class=\"gb-icon\"><svg xmlns=\"http:\/\/www.w3.org\/2000\/svg\" viewBox=\"0 0 44 44\"><defs><style>.cls-1{fill:#2760F2;}.cls-2{fill:none;stroke:#fff;stroke-linecap:round;stroke-linejoin:round;stroke-width:2px;}<\/style><\/defs><g id=\"Capa_2\" data-name=\"Capa 2\"><g id=\"Capa_1-2\" data-name=\"Capa 1\"><circle class=\"cls-1\" cx=\"22\" cy=\"22\" r=\"22\"><\/circle><path class=\"cls-2\" d=\"M30,22H14\"><\/path><path class=\"cls-2\" d=\"M20,28l-6-6,6-6\"><\/path><\/g><\/g><\/svg><\/span><span class=\"gb-button-text\">Livriz Print<\/span><\/a>\n\n<\/div>\n\n\n<h1 class=\"gb-headline gb-headline-1a097225 gb-headline-text\">Escolha seu formato, fa\u00e7a cota\u00e7\u00e3o instantaneamente, carregue seus PDFs, e, receba seu livro impresso onde quiser.<\/h1>\n\n<\/div><\/div><\/div>\n<\/div>\n<\/div><\/div>\n<\/div><\/div>\n\n<div class=\"gb-container gb-container-cb12e294\"><div class=\"gb-inside-container\">\n<div class=\"gb-grid-wrapper gb-grid-wrapper-78a0d9bc\">\n<div class=\"gb-grid-column gb-grid-column-146cb7b1\"><div class=\"gb-container gb-container-146cb7b1\"><div class=\"gb-inside-container\">\n<div class=\"gb-container gb-container-282bc49f livriz-sell-cards\"><div class=\"gb-inside-container\">\n\n<h4 class=\"gb-headline gb-headline-99905752 gb-headline-text\">Envie as especifica\u00e7\u00f5es do seu livro e receba o pre\u00e7o em tempo real<\/h4>\n\n\n\n<p class=\"gb-headline gb-headline-c43a4255 gb-headline-text\">Produzimos livros de qualidade em cores ou preto e branco, com ampla sele\u00e7\u00e3o de gramaturas e tipos de papel, em formatos pr\u00e9-estabelecidos. Fa\u00e7a do seu jeito, escolha as op\u00e7\u00f5es de lamina\u00e7\u00e3o brilhante ou fosca para as capas e o tipo de encaderna\u00e7\u00e3o, Perfect Binder ou acabamento.<\/p>\n\n<\/div><\/div>\n<\/div><\/div><\/div>\n\n<div class=\"gb-grid-column gb-grid-column-573853fd\"><div class=\"gb-container gb-container-573853fd livriz-sell-cards\"><div class=\"gb-inside-container\">\n<div class=\"gb-container gb-container-f6456a86\"><div class=\"gb-inside-container\">\n\n<h4 class=\"gb-headline gb-headline-eb07e9eb gb-headline-text\">Cote automaticamente e imprima seus livros para entregar em todo o pa\u00eds de 1 exemplar a milhares<\/h4>\n\n\n\n<div class=\"gb-headline gb-headline-f9c12272 gb-headline-text\">Quando estiver pronto para imprimir, pague atrav\u00e9s do pagamento mais adequado, cart\u00e3o de cr\u00e9dito \u00e0 vista ou parcelado ou PIX.<\/div>\n\n<\/div><\/div>\n<\/div><\/div><\/div>\n<\/div>\n<\/div><\/div>\n\n<div class=\"gb-container gb-container-aa34e2a5\"><div class=\"gb-inside-container\">\n\n<h6 class=\"gb-headline gb-headline-600179ff gb-headline-text\">Se voc\u00ea est\u00e1 interessado nesta solu\u00e7\u00e3o, <br>Contate-Nos.<\/h6>\n\n\n<div class=\"wp-block-image\">\n<figure class=\"aligncenter size-full\" id=\"livriz\"><img loading=\"lazy\" decoding=\"async\" width=\"24\" height=\"52\" src=\"https:\/\/toolbox.livriz.com\/wp-content\/uploads\/2022\/04\/Group-46.png\" alt=\"Livriz\" class=\"wp-image-2566\" title=\"\"><\/figure>\n<\/div>\n<\/div><\/div>","protected":false},"excerpt":{"rendered":"<p>Se voc\u00ea est\u00e1 interessado nesta solu\u00e7\u00e3o, Contate-Nos.<\/p>\n","protected":false},"author":3,"featured_media":0,"parent":0,"menu_order":0,"comment_status":"closed","ping_status":"closed","template":"","meta":{"_acf_changed":false,"footnotes":""},"class_list":["post-4088","page","type-page","status-publish"],"acf":[],"_links":{"self":[{"href":"https:\/\/toolbox.livriz.com\/pt-br\/wp-json\/wp\/v2\/pages\/4088","targetHints":{"allow":["GET"]}}],"collection":[{"href":"https:\/\/toolbox.livriz.com\/pt-br\/wp-json\/wp\/v2\/pages"}],"about":[{"href":"https:\/\/toolbox.livriz.com\/pt-br\/wp-json\/wp\/v2\/types\/page"}],"author":[{"embeddable":true,"href":"https:\/\/toolbox.livriz.com\/pt-br\/wp-json\/wp\/v2\/users\/3"}],"replies":[{"embeddable":true,"href":"https:\/\/toolbox.livriz.com\/pt-br\/wp-json\/wp\/v2\/comments?post=4088"}],"version-history":[{"count":2,"href":"https:\/\/toolbox.livriz.com\/pt-br\/wp-json\/wp\/v2\/pages\/4088\/revisions"}],"predecessor-version":[{"id":7244,"href":"https:\/\/toolbox.livriz.com\/pt-br\/wp-json\/wp\/v2\/pages\/4088\/revisions\/7244"}],"wp:attachment":[{"href":"https:\/\/toolbox.livriz.com\/pt-br\/wp-json\/wp\/v2\/media?parent=4088"}],"curies":[{"name":"wp","href":"https:\/\/api.w.org\/{rel}","templated":true}]}}