{"id":4072,"date":"2022-04-25T17:03:40","date_gmt":"2022-04-25T17:03:40","guid":{"rendered":"https:\/\/toolbox.livriz.com\/livriz-commerce\/"},"modified":"2022-07-29T15:17:14","modified_gmt":"2022-07-29T15:17:14","slug":"livriz-commerce","status":"publish","type":"page","link":"https:\/\/toolbox.livriz.com\/pt-br\/livriz-commerce\/","title":{"rendered":"Livriz Commerce"},"content":{"rendered":"<div class=\"gb-container gb-container-14524bed alignfull\"><div class=\"gb-inside-container\">\n<div class=\"gb-container gb-container-ae0509bd alignfull\"><div class=\"gb-inside-container\">\n<div class=\"gb-grid-column gb-grid-column-8e9fbae2\"><div class=\"gb-container gb-container-8e9fbae2\"><div class=\"gb-inside-container\">\n<div class=\"gb-grid-wrapper gb-grid-wrapper-aacf9c80\">\n<div class=\"gb-grid-column gb-grid-column-8b721d74\"><div class=\"gb-container gb-container-8b721d74\"><div class=\"gb-inside-container\"><\/div><\/div><\/div>\n\n<div class=\"gb-grid-column gb-grid-column-dc5f110a\"><div class=\"gb-container gb-container-dc5f110a\"><div class=\"gb-inside-container\">\n<div class=\"gb-button-wrapper gb-button-wrapper-49f34201\">\n\n<a class=\"gb-button gb-button-5b15f17b\" href=\"\/\"><span class=\"gb-icon\"><svg xmlns=\"http:\/\/www.w3.org\/2000\/svg\" viewBox=\"0 0 44 44\"><defs><style>.cls-1{fill:#2760F2;}.cls-2{fill:none;stroke:#fff;stroke-linecap:round;stroke-linejoin:round;stroke-width:2px;}<\/style><\/defs><g id=\"Capa_2\" data-name=\"Capa 2\"><g id=\"Capa_1-2\" data-name=\"Capa 1\"><circle class=\"cls-1\" cx=\"22\" cy=\"22\" r=\"22\"><\/circle><path class=\"cls-2\" d=\"M30,22H14\"><\/path><path class=\"cls-2\" d=\"M20,28l-6-6,6-6\"><\/path><\/g><\/g><\/svg><\/span><span class=\"gb-button-text\">Livriz  Commerce<\/span><\/a>\n\n<\/div>\n\n\n<h1 class=\"gb-headline gb-headline-d840d9af gb-headline-text\">Uma loja online com venda direta para livrarias e leitores<\/h1>\n\n<\/div><\/div><\/div>\n<\/div>\n<\/div><\/div><\/div>\n<\/div><\/div>\n<\/div><\/div>\n\n<div class=\"gb-container gb-container-cb12e294\"><div class=\"gb-inside-container\">\n<div class=\"gb-grid-wrapper gb-grid-wrapper-78a0d9bc\">\n<div class=\"gb-grid-column gb-grid-column-e5566f79\"><div class=\"gb-container gb-container-e5566f79 livriz-sell-cards\"><div class=\"gb-inside-container\">\n<div class=\"gb-container gb-container-6124a11a\"><div class=\"gb-inside-container\">\n\n<h4 class=\"gb-headline gb-headline-e20bbc2a gb-headline-text\">Geramos demanda, distribu\u00edmos e respondemos perguntas<\/h4>\n\n\n\n<div class=\"gb-headline gb-headline-2a71d008 gb-headline-text\">F\u00e1cil de instalar, em minutos carregue todo o seu cat\u00e1logo e torne-se uma das melhores lojas da regi\u00e3o.<\/div>\n\n<\/div><\/div>\n<\/div><\/div><\/div>\n\n<div class=\"gb-grid-column gb-grid-column-573853fd\"><div class=\"gb-container gb-container-573853fd livriz-sell-cards\"><div class=\"gb-inside-container\">\n<div class=\"gb-container gb-container-f6456a86\"><div class=\"gb-inside-container\">\n\n<h4 class=\"gb-headline gb-headline-eb07e9eb gb-headline-text\">Acesse a nova gera\u00e7\u00e3o de lojas de com\u00e9rcio eletr\u00f4nico prontas para uso<\/h4>\n\n\n\n<div class=\"gb-headline gb-headline-f9c12272 gb-headline-text\">Integre seu neg\u00f3cio diretamente aos cart\u00f5es, aceite tarifas, fa\u00e7a seus acordos com bancos. Gere ordens de pagamento e crie links com os dados de sua venda prontos para compartilhar com seus clientes atrav\u00e9s do canal de sua prefer\u00eancia.<\/div>\n\n<\/div><\/div>\n<\/div><\/div><\/div>\n<\/div>\n<\/div><\/div>\n\n<div class=\"gb-container gb-container-aa34e2a5\"><div class=\"gb-inside-container\">\n\n<h6 class=\"gb-headline gb-headline-600179ff gb-headline-text\">Se voc\u00ea est\u00e1 interesado nesta solu\u00e7\u00e3o, <br>Contate-nos<\/h6>\n\n\n<div class=\"wp-block-image\">\n<figure class=\"aligncenter size-full\" id=\"livriz\"><img loading=\"lazy\" decoding=\"async\" width=\"24\" height=\"52\" src=\"https:\/\/toolbox.livriz.com\/wp-content\/uploads\/2022\/04\/Group-46.png\" alt=\"Livriz\" class=\"wp-image-2566\" title=\"\"><\/figure>\n<\/div>\n<\/div><\/div>","protected":false},"excerpt":{"rendered":"<p>Se voc\u00ea est\u00e1 interesado nesta solu\u00e7\u00e3o, Contate-nos<\/p>\n","protected":false},"author":3,"featured_media":0,"parent":0,"menu_order":0,"comment_status":"closed","ping_status":"closed","template":"","meta":{"_acf_changed":false,"footnotes":""},"class_list":["post-4072","page","type-page","status-publish"],"acf":[],"_links":{"self":[{"href":"https:\/\/toolbox.livriz.com\/pt-br\/wp-json\/wp\/v2\/pages\/4072","targetHints":{"allow":["GET"]}}],"collection":[{"href":"https:\/\/toolbox.livriz.com\/pt-br\/wp-json\/wp\/v2\/pages"}],"about":[{"href":"https:\/\/toolbox.livriz.com\/pt-br\/wp-json\/wp\/v2\/types\/page"}],"author":[{"embeddable":true,"href":"https:\/\/toolbox.livriz.com\/pt-br\/wp-json\/wp\/v2\/users\/3"}],"replies":[{"embeddable":true,"href":"https:\/\/toolbox.livriz.com\/pt-br\/wp-json\/wp\/v2\/comments?post=4072"}],"version-history":[{"count":3,"href":"https:\/\/toolbox.livriz.com\/pt-br\/wp-json\/wp\/v2\/pages\/4072\/revisions"}],"predecessor-version":[{"id":4117,"href":"https:\/\/toolbox.livriz.com\/pt-br\/wp-json\/wp\/v2\/pages\/4072\/revisions\/4117"}],"wp:attachment":[{"href":"https:\/\/toolbox.livriz.com\/pt-br\/wp-json\/wp\/v2\/media?parent=4072"}],"curies":[{"name":"wp","href":"https:\/\/api.w.org\/{rel}","templated":true}]}}